{"id":13,"date":"2022-10-13T01:39:41","date_gmt":"2022-10-13T01:39:41","guid":{"rendered":"http:\/\/ls1.usac.edu.gt\/departamentodeambiente.usac.edu.gt\/public_html\/?page_id=13"},"modified":"2024-09-10T15:28:21","modified_gmt":"2024-09-10T15:28:21","slug":"inicio","status":"publish","type":"page","link":"https:\/\/departamentodeambiente.usac.edu.gt\/","title":{"rendered":"Inicio"},"content":{"rendered":"\n<p>El Departamento de Ambiente\/Oficina Verde, es la dependencia universitaria t\u00e9cnica y de servicio, encargada de la gesti\u00f3n ambiental, la conservaci\u00f3n, protecci\u00f3n, sostenibilidad y mejoramiento del entorno ambiental y los recursos naturales de la Universidad de San Carlos de Guatemala.<\/p>\n\n\n\n<div class=\"wp-block-columns alignfull has-background is-layout-flex wp-container-core-columns-is-layout-9d6595d7 wp-block-columns-is-layout-flex\" style=\"background-color:#0bfcc3\">\n<div class=\"wp-block-column is-layout-flow wp-block-column-is-layout-flow\" style=\"flex-basis:15%\"><\/div>\n\n\n\n<div class=\"wp-block-column is-layout-flow wp-block-column-is-layout-flow\" style=\"flex-basis:70%\">\n<div class=\"wp-block-columns are-vertically-aligned-center is-layout-flex wp-container-core-columns-is-layout-9d6595d7 wp-block-columns-is-layout-flex\">\n<div class=\"wp-block-column is-vertically-aligned-center is-layout-flow wp-block-column-is-layout-flow\"><div class=\"wp-block-image is-resized\">\n<figure class=\"aligncenter size-full\"><a href=\"https:\/\/departamentodeambiente.usac.edu.gt\/index.php\/area-de-edificios-verdes\/\"><img loading=\"lazy\" decoding=\"async\" width=\"92\" height=\"110\" src=\"https:\/\/departamentodeambiente.usac.edu.gt\/wp-content\/uploads\/2022\/10\/Recurso-3-8.png\" alt=\"\" class=\"wp-image-55\"\/><\/a><\/figure>\n<\/div>\n\n\n<h5 class=\"wp-block-heading has-text-align-center has-text-color\" style=\"color:#067a5b\"><strong>Edificios Verdes<\/strong><\/h5>\n<\/div>\n\n\n\n<div class=\"wp-block-column is-vertically-aligned-center is-layout-flow wp-block-column-is-layout-flow\"><div class=\"wp-block-image is-resized\">\n<figure class=\"aligncenter size-full\"><a href=\"https:\/\/departamentodeambiente.usac.edu.gt\/index.php\/area-de-eficiencia-energetica\/\"><img loading=\"lazy\" decoding=\"async\" width=\"106\" height=\"104\" src=\"https:\/\/departamentodeambiente.usac.edu.gt\/wp-content\/uploads\/2022\/10\/Recurso-4-8.png\" alt=\"\" class=\"wp-image-56\"\/><\/a><\/figure>\n<\/div>\n\n\n<h5 class=\"wp-block-heading has-text-align-center has-text-color\" style=\"color:#067a5b\"><strong>Eficiencia Energ\u00e9tic<\/strong>a<\/h5>\n<\/div>\n\n\n\n<div class=\"wp-block-column is-vertically-aligned-center is-layout-flow wp-block-column-is-layout-flow\"><div class=\"wp-block-image is-resized\">\n<figure class=\"aligncenter size-full\"><a href=\"https:\/\/departamentodeambiente.usac.edu.gt\/index.php\/area-de-manejo-de-desechos-solidos\/\"><img loading=\"lazy\" decoding=\"async\" width=\"114\" height=\"116\" src=\"https:\/\/departamentodeambiente.usac.edu.gt\/wp-content\/uploads\/2022\/10\/Recurso-5-8.png\" alt=\"\" class=\"wp-image-57\"\/><\/a><\/figure>\n<\/div>\n\n\n<h5 class=\"wp-block-heading has-text-align-center has-text-color\" style=\"color:#067a5b\"><strong>Manejo de Desechos S\u00f3lidos<\/strong><\/h5>\n<\/div>\n\n\n\n<div class=\"wp-block-column is-vertically-aligned-center is-layout-flow wp-block-column-is-layout-flow\"><div class=\"wp-block-image is-resized\">\n<figure class=\"aligncenter size-full\"><a href=\"https:\/\/departamentodeambiente.usac.edu.gt\/index.php\/area-de-manejo-de-recurso-hidrico\/\"><img loading=\"lazy\" decoding=\"async\" width=\"88\" height=\"116\" src=\"https:\/\/departamentodeambiente.usac.edu.gt\/wp-content\/uploads\/2022\/10\/Recurso-6-8.png\" alt=\"\" class=\"wp-image-58\"\/><\/a><\/figure>\n<\/div>\n\n\n<h5 class=\"wp-block-heading has-text-align-center has-text-color\" style=\"color:#067a5b\"><strong>Recursos H\u00eddricos<\/strong><\/h5>\n<\/div>\n\n\n\n<div class=\"wp-block-column is-vertically-aligned-center is-layout-flow wp-block-column-is-layout-flow\"><div class=\"wp-block-image is-resized\">\n<figure class=\"aligncenter size-full\"><a href=\"https:\/\/departamentodeambiente.usac.edu.gt\/index.php\/area-de-paisajismo-jardinizacion-y-areas-verdes\/\"><img loading=\"lazy\" decoding=\"async\" width=\"118\" height=\"118\" src=\"https:\/\/departamentodeambiente.usac.edu.gt\/wp-content\/uploads\/2022\/10\/Recurso-7-8.png\" alt=\"\" class=\"wp-image-59\"\/><\/a><\/figure>\n<\/div>\n\n\n<h5 class=\"wp-block-heading has-text-align-center has-text-color\" style=\"color:#067a5b\"><strong>Paisajismo, Jardinizaci\u00f3n y \u00c1reas Verdes<\/strong><\/h5>\n<\/div>\n<\/div>\n<\/div>\n\n\n\n<div class=\"wp-block-column is-layout-flow wp-block-column-is-layout-flow\" style=\"flex-basis:15%\"><\/div>\n<\/div>\n\n\n\n<hr class=\"wp-block-separator has-alpha-channel-opacity\"\/>\n\n\n\n<h2 class=\"wp-block-heading has-text-align-center\"><strong>Autoridades<\/strong><\/h2>\n\n\n\n<p class=\"has-text-align-center\"><strong>M.A. Walter Ramiro Mazariegos Biolis<\/strong><br>Rector<\/p>\n\n\n\n<p class=\"has-text-align-center\"><strong>Lic. Luis Fernando Cord\u00f3n Lucero<\/strong><br>Secretario General<\/p>\n\n\n\n<p class=\"has-text-align-center\"><strong>Ing. Luis Pedro Ort\u00edz de Le\u00f3n<\/strong><br>Director General de Administraci\u00f3n<\/p>\n\n\n\n<p class=\"has-text-align-center\"><strong>Arq. Milton Giovanni Fuentes L\u00f3pez<\/strong><br>Coordinador General de Servicios e Infraestructura F\u00edsica<br>Divisi\u00f3n de Servicios Generales<\/p>\n","protected":false},"excerpt":{"rendered":"<p>El Departamento de Ambiente\/Oficina Verde, es la dependencia universitaria t\u00e9cnica y de servicio, encargada de la gesti\u00f3n ambiental, la conservaci\u00f3n, protecci\u00f3n, sostenibilidad y mejoramiento del entorno ambiental y los recursos naturales de la Universidad de San Carlos de Guatemala. Edificios Verdes Eficiencia Energ\u00e9tica Manejo de Desechos S\u00f3lidos Recursos H\u00eddricos Paisajismo, Jardinizaci\u00f3n y \u00c1reas Verdes Autoridades [&hellip;]<\/p>\n","protected":false},"author":1,"featured_media":0,"parent":0,"menu_order":0,"comment_status":"closed","ping_status":"closed","template":"","meta":{"footnotes":""},"class_list":["post-13","page","type-page","status-publish","czr-hentry"],"_links":{"self":[{"href":"https:\/\/departamentodeambiente.usac.edu.gt\/index.php\/wp-json\/wp\/v2\/pages\/13","targetHints":{"allow":["GET"]}}],"collection":[{"href":"https:\/\/departamentodeambiente.usac.edu.gt\/index.php\/wp-json\/wp\/v2\/pages"}],"about":[{"href":"https:\/\/departamentodeambiente.usac.edu.gt\/index.php\/wp-json\/wp\/v2\/types\/page"}],"author":[{"embeddable":true,"href":"https:\/\/departamentodeambiente.usac.edu.gt\/index.php\/wp-json\/wp\/v2\/users\/1"}],"replies":[{"embeddable":true,"href":"https:\/\/departamentodeambiente.usac.edu.gt\/index.php\/wp-json\/wp\/v2\/comments?post=13"}],"version-history":[{"count":28,"href":"https:\/\/departamentodeambiente.usac.edu.gt\/index.php\/wp-json\/wp\/v2\/pages\/13\/revisions"}],"predecessor-version":[{"id":283,"href":"https:\/\/departamentodeambiente.usac.edu.gt\/index.php\/wp-json\/wp\/v2\/pages\/13\/revisions\/283"}],"wp:attachment":[{"href":"https:\/\/departamentodeambiente.usac.edu.gt\/index.php\/wp-json\/wp\/v2\/media?parent=13"}],"curies":[{"name":"wp","href":"https:\/\/api.w.org\/{rel}","templated":true}]}}